{"id":159,"date":"2021-06-14T19:26:35","date_gmt":"2021-06-14T17:26:35","guid":{"rendered":"https:\/\/wandern-mit-eselliebe.de\/?page_id=159"},"modified":"2021-06-23T10:26:54","modified_gmt":"2021-06-23T08:26:54","slug":"agbs-und-datenschutz","status":"publish","type":"page","link":"https:\/\/wandern-mit-eselliebe.de\/?page_id=159","title":{"rendered":"AGBs und Datenschutz"},"content":{"rendered":"\n<h2 class=\"wp-block-heading\"><strong>AGBs<\/strong><\/h2>\n\n\n\n<p>Alle Rechte sind vorbehalten.<\/p>\n\n\n\n<p>Die Nutzungsrechte der Abbildungen auf diesem Server liegen bei Lisa-Marie Hoffmann und <a href=\"https:\/\/wandern-mit-eselliebe.de\">Wandern mit Eselliebe<\/a>. Diese Publikation darf nur zu Informationszwecken und nicht zum Verkauf oder zur Verbreitung zu gewerblichen Zwecken verwendet werden. Die Zusammenstellung der Informationen auf diesem Server wurde mit Sorgfalt vorgenommen. Eine Haftung f\u00fcr eventuelle Fehler kann aber nicht \u00fcbernommen werden.<\/p>\n\n\n\n<p>Ich behalte mir vor die gebuchten Wanderungen bis kurz vor\/zum Beginn zu stornieren, im Falle von extremen Wetter Gegebenheiten oder Erkrankung der Esel.<\/p>\n\n\n\n<p>Wandern mit Eselliebe \u00fcbernimmt keine Haftung bei Sach- oder Personensch\u00e4den.<\/p>\n\n\n\n<p>Bei nicht folge leisten der Anweisung w\u00e4hrend der Wanderung und im Umgang mit den Eseln, behalte ich mir vor, die Wanderung ab zu brechen ohne R\u00fcckerstattung.<\/p>\n\n\n\n<p>G\u00e4ste k\u00f6nnen zu ihrer eigenen Sicherheit von einer Wanderung ausgeschlossen werden, wenn sie meiner Ansicht nach nicht in der Lage sind an der Wanderung teil zu nehmen. Dies geschieht ohne R\u00fcckerstattung der Kosten. ( Bsp. Alkoholisiert etc.)<\/p>\n\n\n\n<p>Wenn eine gebuchte Wanderung von den G\u00e4sten, aus etwaigen Gr\u00fcnden vorzeitig abgebrochen wird, werden die Kosten nicht zur\u00fcckerstattet.<\/p>\n\n\n\n<p>Reiten auf unseren Eseln ist leider nicht m\u00f6glich.<\/p>\n\n\n\n<p>Die Esel d\u00fcrfen nur mit Sachen gef\u00fcttert werden, welche von mir zugewiesen werden.<\/p>\n\n\n\n<p>Die Bezahlung der Wanderungen muss bis sp\u00e4testens eine Woche vor der Wanderung erfolgt sein, oder bei kurzfristiger Buchung, vor antritt der Wanderung.<\/p>\n\n\n\n<p>Stornierungen k\u00f6nnen nur bis zwei Tage vor der Wanderung mit einer R\u00fcckerstattung erfolgen, danach wird eine Geb\u00fchr von 50% erhoben.<\/p>\n\n\n\n<p>Kinder unter 10 Jahren f\u00fchren zu zweit einen Esel oder ein Kind zusammen mit einem Erwachsenen. <\/p>\n\n\n\n<p>Kinder unter 8 Jahren sind frei (maximal 2 Kinder auf 1 Erwachsenen) <\/p>\n\n\n\n<p>Hunde (sofern abgesprochen) sind an der Leine zu f\u00fchren.<\/p>\n\n\n\n<h2 class=\"wp-block-heading\"><strong>Datenschutz<\/strong><\/h2>\n\n\n\n<h3 class=\"wp-block-heading\">Wer wir sind<\/h3>\n\n\n\n<p>Die Adresse unserer Website ist: https:\/\/wandern-mit-eselliebe.de.<\/p>\n\n\n\n<h3 class=\"wp-block-heading\">Kommentare<\/h3>\n\n\n\n<p>Wenn Besucher Kommentare auf der Website schreiben, sammeln wir die Daten, die im Kommentar-Formular angezeigt werden, au\u00dferdem die IP-Adresse des Besuchers und den User-Agent-String (damit wird der Browser identifiziert), um die Erkennung von Spam zu unterst\u00fctzen.<\/p>\n\n\n\n<p>Aus deiner E-Mail-Adresse kann eine anonymisierte Zeichenfolge erstellt (auch Hash genannt) und dem Gravatar-Dienst \u00fcbergeben werden, um zu pr\u00fcfen, ob du diesen benutzt. Die Datenschutzerkl\u00e4rung des Gravatar-Dienstes findest du hier: https:\/\/automattic.com\/privacy\/. Nachdem dein Kommentar freigegeben wurde, ist dein Profilbild \u00f6ffentlich im Kontext deines Kommentars sichtbar.<\/p>\n\n\n\n<h3 class=\"wp-block-heading\">Cookies<\/h3>\n\n\n\n<p>Wenn du einen Kommentar auf unserer Website schreibst, kann das eine Einwilligung sein, deinen Namen, E-Mail-Adresse und Website in Cookies zu speichern. Dies ist eine Komfortfunktion, damit du nicht, wenn du einen weiteren Kommentar schreibst, all diese Daten erneut eingeben musst. Diese Cookies werden ein Jahr lang gespeichert.<\/p>\n\n\n\n<p>Falls du ein Konto hast und dich auf dieser Website anmeldest, werden wir ein tempor\u00e4res Cookie setzen, um festzustellen, ob dein Browser Cookies akzeptiert. Dieses Cookie enth\u00e4lt keine personenbezogenen Daten und wird verworfen, wenn du deinen Browser schlie\u00dft.<\/p>\n\n\n\n<p>Wenn du dich anmeldest, werden wir einige Cookies einrichten, um deine Anmeldeinformationen und Anzeigeoptionen zu speichern. Anmelde-Cookies verfallen nach zwei Tagen und Cookies f\u00fcr die Anzeigeoptionen nach einem Jahr. Falls du bei der Anmeldung \u201eAngemeldet bleiben\u201c ausw\u00e4hlst, wird deine Anmeldung zwei Wochen lang aufrechterhalten. Mit der Abmeldung aus deinem Konto werden die Anmelde-Cookies gel\u00f6scht.<\/p>\n\n\n\n<p>Wenn du einen Artikel bearbeitest oder ver\u00f6ffentlichst, wird ein zus\u00e4tzlicher Cookie in deinem Browser gespeichert. Dieser Cookie enth\u00e4lt keine personenbezogenen Daten und verweist nur auf die Beitrags-ID des Artikels, den du gerade bearbeitet hast. Der Cookie verf\u00e4llt nach einem Tag.<\/p>\n\n\n\n<h3 class=\"wp-block-heading\">Eingebettete Inhalte von anderen Websites<\/h3>\n\n\n\n<p>Beitr\u00e4ge auf dieser Website k\u00f6nnen eingebettete Inhalte beinhalten (z. B. Videos, Bilder, Beitr\u00e4ge etc.). Eingebettete Inhalte von anderen Websites verhalten sich exakt so, als ob der Besucher die andere Website besucht h\u00e4tte.<\/p>\n\n\n\n<p>Diese Websites k\u00f6nnen Daten \u00fcber dich sammeln, Cookies benutzen, zus\u00e4tzliche Tracking-Dienste von Dritten einbetten und deine Interaktion mit diesem eingebetteten Inhalt aufzeichnen, inklusive deiner Interaktion mit dem eingebetteten Inhalt, falls du ein Konto hast und auf dieser Website angemeldet bist.<\/p>\n\n\n\n<h3 class=\"wp-block-heading\">Wie lange wir deine Daten speichern<\/h3>\n\n\n\n<p>Wenn du einen Kommentar schreibst, wird dieser inklusive Metadaten zeitlich unbegrenzt gespeichert. Auf diese Art k\u00f6nnen wir Folgekommentare automatisch erkennen und freigeben, anstatt sie in einer Moderations-Warteschlange festzuhalten.<\/p>\n\n\n\n<h3 class=\"wp-block-heading\">Wohin wir deine Daten senden<\/h3>\n\n\n\n<p>Besucher-Kommentare k\u00f6nnten von einem automatisierten Dienst zur Spam-Erkennung untersucht werden.<\/p>\n","protected":false},"excerpt":{"rendered":"<p>AGBs Alle Rechte sind vorbehalten. Die Nutzungsrechte der Abbildungen auf diesem Server liegen bei Lisa-Marie Hoffmann und Wandern mit Eselliebe. Diese Publikation darf nur zu Informationszwecken und nicht zum Verkauf oder zur Verbreitung zu gewerblichen Zwecken verwendet werden. Die Zusammenstellung der Informationen auf diesem Server wurde mit Sorgfalt vorgenommen. Eine Haftung f\u00fcr eventuelle Fehler kann [&hellip;]<\/p>\n","protected":false},"author":1,"featured_media":0,"parent":0,"menu_order":0,"comment_status":"closed","ping_status":"closed","template":"","meta":{"_coblocks_attr":"","_coblocks_dimensions":"","_coblocks_responsive_height":"","_coblocks_accordion_ie_support":"","hide_page_title":"","footnotes":""},"class_list":["post-159","page","type-page","status-publish","hentry"],"yoast_head":"<!-- This site is optimized with the Yoast SEO plugin v27.4 - https:\/\/yoast.com\/product\/yoast-seo-wordpress\/ -->\n<title>AGBs und Datenschutz - Wandern mit Eselliebe<\/title>\n<meta name=\"robots\" content=\"noindex, follow, max-snippet:-1, max-image-preview:large, max-video-preview:-1\" \/>\n<meta property=\"og:locale\" content=\"de_DE\" \/>\n<meta property=\"og:type\" content=\"article\" \/>\n<meta property=\"og:title\" content=\"AGBs und Datenschutz - Wandern mit Eselliebe\" \/>\n<meta property=\"og:description\" content=\"AGBs Alle Rechte sind vorbehalten. Die Nutzungsrechte der Abbildungen auf diesem Server liegen bei Lisa-Marie Hoffmann und Wandern mit Eselliebe. Diese Publikation darf nur zu Informationszwecken und nicht zum Verkauf oder zur Verbreitung zu gewerblichen Zwecken verwendet werden. Die Zusammenstellung der Informationen auf diesem Server wurde mit Sorgfalt vorgenommen. Eine Haftung f\u00fcr eventuelle Fehler kann [&hellip;]\" \/>\n<meta property=\"og:url\" content=\"https:\/\/wandern-mit-eselliebe.de\/?page_id=159\" \/>\n<meta property=\"og:site_name\" content=\"Wandern mit Eselliebe\" \/>\n<meta property=\"article:modified_time\" content=\"2021-06-23T08:26:54+00:00\" \/>\n<meta name=\"twitter:card\" content=\"summary_large_image\" \/>\n<meta name=\"twitter:label1\" content=\"Gesch\u00e4tzte Lesezeit\" \/>\n\t<meta name=\"twitter:data1\" content=\"3\u00a0Minuten\" \/>\n<script type=\"application\/ld+json\" class=\"yoast-schema-graph\">{\"@context\":\"https:\\\/\\\/schema.org\",\"@graph\":[{\"@type\":\"WebPage\",\"@id\":\"https:\\\/\\\/wandern-mit-eselliebe.de\\\/?page_id=159\",\"url\":\"https:\\\/\\\/wandern-mit-eselliebe.de\\\/?page_id=159\",\"name\":\"AGBs und Datenschutz - Wandern mit Eselliebe\",\"isPartOf\":{\"@id\":\"https:\\\/\\\/wandern-mit-eselliebe.de\\\/#website\"},\"datePublished\":\"2021-06-14T17:26:35+00:00\",\"dateModified\":\"2021-06-23T08:26:54+00:00\",\"breadcrumb\":{\"@id\":\"https:\\\/\\\/wandern-mit-eselliebe.de\\\/?page_id=159#breadcrumb\"},\"inLanguage\":\"de\",\"potentialAction\":[{\"@type\":\"ReadAction\",\"target\":[\"https:\\\/\\\/wandern-mit-eselliebe.de\\\/?page_id=159\"]}]},{\"@type\":\"BreadcrumbList\",\"@id\":\"https:\\\/\\\/wandern-mit-eselliebe.de\\\/?page_id=159#breadcrumb\",\"itemListElement\":[{\"@type\":\"ListItem\",\"position\":1,\"name\":\"Home\",\"item\":\"https:\\\/\\\/wandern-mit-eselliebe.de\\\/\"},{\"@type\":\"ListItem\",\"position\":2,\"name\":\"AGBs und Datenschutz\"}]},{\"@type\":\"WebSite\",\"@id\":\"https:\\\/\\\/wandern-mit-eselliebe.de\\\/#website\",\"url\":\"https:\\\/\\\/wandern-mit-eselliebe.de\\\/\",\"name\":\"Wandern mit Eselliebe\",\"description\":\"\",\"publisher\":{\"@id\":\"https:\\\/\\\/wandern-mit-eselliebe.de\\\/#\\\/schema\\\/person\\\/c287be536dcae0fe162721e5825d1c68\"},\"potentialAction\":[{\"@type\":\"SearchAction\",\"target\":{\"@type\":\"EntryPoint\",\"urlTemplate\":\"https:\\\/\\\/wandern-mit-eselliebe.de\\\/?s={search_term_string}\"},\"query-input\":{\"@type\":\"PropertyValueSpecification\",\"valueRequired\":true,\"valueName\":\"search_term_string\"}}],\"inLanguage\":\"de\"},{\"@type\":[\"Person\",\"Organization\"],\"@id\":\"https:\\\/\\\/wandern-mit-eselliebe.de\\\/#\\\/schema\\\/person\\\/c287be536dcae0fe162721e5825d1c68\",\"name\":\"lisahoffmann\",\"image\":{\"@type\":\"ImageObject\",\"inLanguage\":\"de\",\"@id\":\"https:\\\/\\\/wandern-mit-eselliebe.de\\\/wp-content\\\/uploads\\\/2021\\\/06\\\/cropped-Logo-1.png\",\"url\":\"https:\\\/\\\/wandern-mit-eselliebe.de\\\/wp-content\\\/uploads\\\/2021\\\/06\\\/cropped-Logo-1.png\",\"contentUrl\":\"https:\\\/\\\/wandern-mit-eselliebe.de\\\/wp-content\\\/uploads\\\/2021\\\/06\\\/cropped-Logo-1.png\",\"width\":1145,\"height\":1087,\"caption\":\"lisahoffmann\"},\"logo\":{\"@id\":\"https:\\\/\\\/wandern-mit-eselliebe.de\\\/wp-content\\\/uploads\\\/2021\\\/06\\\/cropped-Logo-1.png\"},\"sameAs\":[\"https:\\\/\\\/wandern-mit-eselliebe.de\"]}]}<\/script>\n<!-- \/ Yoast SEO plugin. -->","yoast_head_json":{"title":"AGBs und Datenschutz - Wandern mit Eselliebe","robots":{"index":"noindex","follow":"follow","max-snippet":"max-snippet:-1","max-image-preview":"max-image-preview:large","max-video-preview":"max-video-preview:-1"},"og_locale":"de_DE","og_type":"article","og_title":"AGBs und Datenschutz - Wandern mit Eselliebe","og_description":"AGBs Alle Rechte sind vorbehalten. Die Nutzungsrechte der Abbildungen auf diesem Server liegen bei Lisa-Marie Hoffmann und Wandern mit Eselliebe. Diese Publikation darf nur zu Informationszwecken und nicht zum Verkauf oder zur Verbreitung zu gewerblichen Zwecken verwendet werden. Die Zusammenstellung der Informationen auf diesem Server wurde mit Sorgfalt vorgenommen. Eine Haftung f\u00fcr eventuelle Fehler kann [&hellip;]","og_url":"https:\/\/wandern-mit-eselliebe.de\/?page_id=159","og_site_name":"Wandern mit Eselliebe","article_modified_time":"2021-06-23T08:26:54+00:00","twitter_card":"summary_large_image","twitter_misc":{"Gesch\u00e4tzte Lesezeit":"3\u00a0Minuten"},"schema":{"@context":"https:\/\/schema.org","@graph":[{"@type":"WebPage","@id":"https:\/\/wandern-mit-eselliebe.de\/?page_id=159","url":"https:\/\/wandern-mit-eselliebe.de\/?page_id=159","name":"AGBs und Datenschutz - Wandern mit Eselliebe","isPartOf":{"@id":"https:\/\/wandern-mit-eselliebe.de\/#website"},"datePublished":"2021-06-14T17:26:35+00:00","dateModified":"2021-06-23T08:26:54+00:00","breadcrumb":{"@id":"https:\/\/wandern-mit-eselliebe.de\/?page_id=159#breadcrumb"},"inLanguage":"de","potentialAction":[{"@type":"ReadAction","target":["https:\/\/wandern-mit-eselliebe.de\/?page_id=159"]}]},{"@type":"BreadcrumbList","@id":"https:\/\/wandern-mit-eselliebe.de\/?page_id=159#breadcrumb","itemListElement":[{"@type":"ListItem","position":1,"name":"Home","item":"https:\/\/wandern-mit-eselliebe.de\/"},{"@type":"ListItem","position":2,"name":"AGBs und Datenschutz"}]},{"@type":"WebSite","@id":"https:\/\/wandern-mit-eselliebe.de\/#website","url":"https:\/\/wandern-mit-eselliebe.de\/","name":"Wandern mit Eselliebe","description":"","publisher":{"@id":"https:\/\/wandern-mit-eselliebe.de\/#\/schema\/person\/c287be536dcae0fe162721e5825d1c68"},"potentialAction":[{"@type":"SearchAction","target":{"@type":"EntryPoint","urlTemplate":"https:\/\/wandern-mit-eselliebe.de\/?s={search_term_string}"},"query-input":{"@type":"PropertyValueSpecification","valueRequired":true,"valueName":"search_term_string"}}],"inLanguage":"de"},{"@type":["Person","Organization"],"@id":"https:\/\/wandern-mit-eselliebe.de\/#\/schema\/person\/c287be536dcae0fe162721e5825d1c68","name":"lisahoffmann","image":{"@type":"ImageObject","inLanguage":"de","@id":"https:\/\/wandern-mit-eselliebe.de\/wp-content\/uploads\/2021\/06\/cropped-Logo-1.png","url":"https:\/\/wandern-mit-eselliebe.de\/wp-content\/uploads\/2021\/06\/cropped-Logo-1.png","contentUrl":"https:\/\/wandern-mit-eselliebe.de\/wp-content\/uploads\/2021\/06\/cropped-Logo-1.png","width":1145,"height":1087,"caption":"lisahoffmann"},"logo":{"@id":"https:\/\/wandern-mit-eselliebe.de\/wp-content\/uploads\/2021\/06\/cropped-Logo-1.png"},"sameAs":["https:\/\/wandern-mit-eselliebe.de"]}]}},"jetpack_sharing_enabled":true,"_links":{"self":[{"href":"https:\/\/wandern-mit-eselliebe.de\/index.php?rest_route=\/wp\/v2\/pages\/159","targetHints":{"allow":["GET"]}}],"collection":[{"href":"https:\/\/wandern-mit-eselliebe.de\/index.php?rest_route=\/wp\/v2\/pages"}],"about":[{"href":"https:\/\/wandern-mit-eselliebe.de\/index.php?rest_route=\/wp\/v2\/types\/page"}],"author":[{"embeddable":true,"href":"https:\/\/wandern-mit-eselliebe.de\/index.php?rest_route=\/wp\/v2\/users\/1"}],"replies":[{"embeddable":true,"href":"https:\/\/wandern-mit-eselliebe.de\/index.php?rest_route=%2Fwp%2Fv2%2Fcomments&post=159"}],"version-history":[{"count":3,"href":"https:\/\/wandern-mit-eselliebe.de\/index.php?rest_route=\/wp\/v2\/pages\/159\/revisions"}],"predecessor-version":[{"id":249,"href":"https:\/\/wandern-mit-eselliebe.de\/index.php?rest_route=\/wp\/v2\/pages\/159\/revisions\/249"}],"wp:attachment":[{"href":"https:\/\/wandern-mit-eselliebe.de\/index.php?rest_route=%2Fwp%2Fv2%2Fmedia&parent=159"}],"curies":[{"name":"wp","href":"https:\/\/api.w.org\/{rel}","templated":true}]}}