{"id":160,"date":"2021-06-14T19:26:35","date_gmt":"2021-06-14T17:26:35","guid":{"rendered":"https:\/\/wandern-mit-eselliebe.de\/?page_id=160"},"modified":"2021-09-04T11:25:10","modified_gmt":"2021-09-04T09:25:10","slug":"aktuelles","status":"publish","type":"page","link":"https:\/\/wandern-mit-eselliebe.de\/?page_id=160","title":{"rendered":"Startseite"},"content":{"rendered":"\n<div class=\"wp-block-media-text alignwide has-media-on-the-right is-stacked-on-mobile\" style=\"grid-template-columns:auto 29%\"><figure class=\"wp-block-media-text__media\"><img fetchpriority=\"high\" decoding=\"async\" width=\"768\" height=\"1024\" src=\"https:\/\/wandern-mit-eselliebe.de\/wp-content\/uploads\/2021\/05\/IMG_1531-768x1024.jpg\" alt=\"\" class=\"wp-image-32 size-full\" srcset=\"https:\/\/wandern-mit-eselliebe.de\/wp-content\/uploads\/2021\/05\/IMG_1531-768x1024.jpg 768w, https:\/\/wandern-mit-eselliebe.de\/wp-content\/uploads\/2021\/05\/IMG_1531-225x300.jpg 225w, https:\/\/wandern-mit-eselliebe.de\/wp-content\/uploads\/2021\/05\/IMG_1531-1152x1536.jpg 1152w, https:\/\/wandern-mit-eselliebe.de\/wp-content\/uploads\/2021\/05\/IMG_1531-1536x2048.jpg 1536w, https:\/\/wandern-mit-eselliebe.de\/wp-content\/uploads\/2021\/05\/IMG_1531-scaled.jpg 1920w\" sizes=\"(max-width: 768px) 100vw, 768px\" \/><\/figure><div class=\"wp-block-media-text__content\">\n<h1 class=\"has-primary-color has-text-color wp-block-heading\" style=\"font-size:51px\">Willkommen bei uns<\/h1>\n\n\n\n<p>Hallo ihr Lieben. Ihr seid hier bei unserer kleinen Eselfamilie gelandet. Wir haben viele Jahre Erfahrungen mit unseren Eseln gesammelt und wollen ihre wohltuende Wirkung und ihr angenehmes Wesen mit euch teilen.<\/p>\n\n\n\n<p><\/p>\n\n\n\n<p>Im Gegensatz zu dem leider weit verbreiteten Vorurteil, dass Esel dumm und stur seien steht, dass sie genau das Gegenteil sind! Sie sind wahnsinnig schlau und wenn sie einmal stehen bleiben hat es immer einen Grund. Es lohnt sich stehts einen Blick in die Richtung zu werfen, in die der Esel schaut , oft sieht man erstaunliche Dinge, die man so gar nicht bemerkt h\u00e4tte. Findet es doch gern selbst heraus und lasst euch von den charmanten Langohren verzaubern. <\/p>\n<\/div><\/div>\n\n\n\n<div class=\"wp-block-media-text alignwide is-stacked-on-mobile\" style=\"grid-template-columns:26% auto\"><figure class=\"wp-block-media-text__media\"><img decoding=\"async\" width=\"768\" height=\"1024\" src=\"https:\/\/wandern-mit-eselliebe.de\/wp-content\/uploads\/2021\/05\/IMG_2148-768x1024.jpg\" alt=\"\" class=\"wp-image-66 size-full\" srcset=\"https:\/\/wandern-mit-eselliebe.de\/wp-content\/uploads\/2021\/05\/IMG_2148-768x1024.jpg 768w, https:\/\/wandern-mit-eselliebe.de\/wp-content\/uploads\/2021\/05\/IMG_2148-225x300.jpg 225w, https:\/\/wandern-mit-eselliebe.de\/wp-content\/uploads\/2021\/05\/IMG_2148-1152x1536.jpg 1152w, https:\/\/wandern-mit-eselliebe.de\/wp-content\/uploads\/2021\/05\/IMG_2148-1536x2048.jpg 1536w, https:\/\/wandern-mit-eselliebe.de\/wp-content\/uploads\/2021\/05\/IMG_2148-scaled.jpg 1920w\" sizes=\"(max-width: 768px) 100vw, 768px\" \/><\/figure><div class=\"wp-block-media-text__content\">\n<p class=\"has-large-font-size\"><\/p>\n\n\n\n<p>Das Leben entschleunigen?<\/p>\n\n\n\n<p>Die Natur erleben?<\/p>\n\n\n\n<p>Dem Alltag entkommen?<\/p>\n\n\n\n<p>Das wohltuende Wesen der Esel macht es m\u00f6glich. Wir nehmen euch gerne mit auf unsere Wanderungen und erz\u00e4hlen euch etwas \u00fcber diese wunderbaren Tiere. <\/p>\n\n\n\n<p><a href=\"https:\/\/wandern-mit-eselliebe.de\/contact\/\">Kontaktiere uns<\/a><\/p>\n<\/div><\/div>\n\n\n\n<div class=\"wp-block-buttons is-layout-flex wp-block-buttons-is-layout-flex\">\n<div class=\"wp-block-button\"><a class=\"wp-block-button__link\" href=\"https:\/\/wandern-mit-eselliebe.de\/contact\/\">Kontakt<\/a><\/div>\n<\/div>\n\n\n\n<p><\/p>\n","protected":false},"excerpt":{"rendered":"<p>Willkommen bei uns Hallo ihr Lieben. Ihr seid hier bei unserer kleinen Eselfamilie gelandet. Wir haben viele Jahre Erfahrungen mit unseren Eseln gesammelt und wollen ihre wohltuende Wirkung und ihr angenehmes Wesen mit euch teilen. Im Gegensatz zu dem leider weit verbreiteten Vorurteil, dass Esel dumm und stur seien steht, dass sie genau das Gegenteil [&hellip;]<\/p>\n","protected":false},"author":1,"featured_media":0,"parent":0,"menu_order":0,"comment_status":"closed","ping_status":"closed","template":"","meta":{"_coblocks_attr":"","_coblocks_dimensions":"","_coblocks_responsive_height":"","_coblocks_accordion_ie_support":"","hide_page_title":"","footnotes":""},"class_list":["post-160","page","type-page","status-publish","hentry"],"yoast_head":"<!-- This site is optimized with the Yoast SEO plugin v27.4 - https:\/\/yoast.com\/product\/yoast-seo-wordpress\/ -->\n<title>Startseite - Wandern mit Eselliebe<\/title>\n<meta name=\"robots\" content=\"noindex, follow, max-snippet:-1, max-image-preview:large, max-video-preview:-1\" \/>\n<meta property=\"og:locale\" content=\"de_DE\" \/>\n<meta property=\"og:type\" content=\"article\" \/>\n<meta property=\"og:title\" content=\"Startseite - Wandern mit Eselliebe\" \/>\n<meta property=\"og:description\" content=\"Willkommen bei uns Hallo ihr Lieben. Ihr seid hier bei unserer kleinen Eselfamilie gelandet. Wir haben viele Jahre Erfahrungen mit unseren Eseln gesammelt und wollen ihre wohltuende Wirkung und ihr angenehmes Wesen mit euch teilen. Im Gegensatz zu dem leider weit verbreiteten Vorurteil, dass Esel dumm und stur seien steht, dass sie genau das Gegenteil [&hellip;]\" \/>\n<meta property=\"og:url\" content=\"https:\/\/wandern-mit-eselliebe.de\/?page_id=160\" \/>\n<meta property=\"og:site_name\" content=\"Wandern mit Eselliebe\" \/>\n<meta property=\"article:modified_time\" content=\"2021-09-04T09:25:10+00:00\" \/>\n<meta property=\"og:image\" content=\"https:\/\/wandern-mit-eselliebe.de\/wp-content\/uploads\/2021\/05\/IMG_1531-768x1024.jpg\" \/>\n<meta name=\"twitter:card\" content=\"summary_large_image\" \/>\n<meta name=\"twitter:label1\" content=\"Gesch\u00e4tzte Lesezeit\" \/>\n\t<meta name=\"twitter:data1\" content=\"2\u00a0Minuten\" \/>\n<script type=\"application\/ld+json\" class=\"yoast-schema-graph\">{\"@context\":\"https:\\\/\\\/schema.org\",\"@graph\":[{\"@type\":\"WebPage\",\"@id\":\"https:\\\/\\\/wandern-mit-eselliebe.de\\\/?page_id=160\",\"url\":\"https:\\\/\\\/wandern-mit-eselliebe.de\\\/?page_id=160\",\"name\":\"Startseite - Wandern mit Eselliebe\",\"isPartOf\":{\"@id\":\"https:\\\/\\\/wandern-mit-eselliebe.de\\\/#website\"},\"primaryImageOfPage\":{\"@id\":\"https:\\\/\\\/wandern-mit-eselliebe.de\\\/?page_id=160#primaryimage\"},\"image\":{\"@id\":\"https:\\\/\\\/wandern-mit-eselliebe.de\\\/?page_id=160#primaryimage\"},\"thumbnailUrl\":\"https:\\\/\\\/wandern-mit-eselliebe.de\\\/wp-content\\\/uploads\\\/2021\\\/05\\\/IMG_1531-768x1024.jpg\",\"datePublished\":\"2021-06-14T17:26:35+00:00\",\"dateModified\":\"2021-09-04T09:25:10+00:00\",\"breadcrumb\":{\"@id\":\"https:\\\/\\\/wandern-mit-eselliebe.de\\\/?page_id=160#breadcrumb\"},\"inLanguage\":\"de\",\"potentialAction\":[{\"@type\":\"ReadAction\",\"target\":[\"https:\\\/\\\/wandern-mit-eselliebe.de\\\/?page_id=160\"]}]},{\"@type\":\"ImageObject\",\"inLanguage\":\"de\",\"@id\":\"https:\\\/\\\/wandern-mit-eselliebe.de\\\/?page_id=160#primaryimage\",\"url\":\"https:\\\/\\\/wandern-mit-eselliebe.de\\\/wp-content\\\/uploads\\\/2021\\\/05\\\/IMG_1531-768x1024.jpg\",\"contentUrl\":\"https:\\\/\\\/wandern-mit-eselliebe.de\\\/wp-content\\\/uploads\\\/2021\\\/05\\\/IMG_1531-768x1024.jpg\"},{\"@type\":\"BreadcrumbList\",\"@id\":\"https:\\\/\\\/wandern-mit-eselliebe.de\\\/?page_id=160#breadcrumb\",\"itemListElement\":[{\"@type\":\"ListItem\",\"position\":1,\"name\":\"Home\",\"item\":\"https:\\\/\\\/wandern-mit-eselliebe.de\\\/\"},{\"@type\":\"ListItem\",\"position\":2,\"name\":\"Startseite\"}]},{\"@type\":\"WebSite\",\"@id\":\"https:\\\/\\\/wandern-mit-eselliebe.de\\\/#website\",\"url\":\"https:\\\/\\\/wandern-mit-eselliebe.de\\\/\",\"name\":\"Wandern mit Eselliebe\",\"description\":\"\",\"publisher\":{\"@id\":\"https:\\\/\\\/wandern-mit-eselliebe.de\\\/#\\\/schema\\\/person\\\/c287be536dcae0fe162721e5825d1c68\"},\"potentialAction\":[{\"@type\":\"SearchAction\",\"target\":{\"@type\":\"EntryPoint\",\"urlTemplate\":\"https:\\\/\\\/wandern-mit-eselliebe.de\\\/?s={search_term_string}\"},\"query-input\":{\"@type\":\"PropertyValueSpecification\",\"valueRequired\":true,\"valueName\":\"search_term_string\"}}],\"inLanguage\":\"de\"},{\"@type\":[\"Person\",\"Organization\"],\"@id\":\"https:\\\/\\\/wandern-mit-eselliebe.de\\\/#\\\/schema\\\/person\\\/c287be536dcae0fe162721e5825d1c68\",\"name\":\"lisahoffmann\",\"image\":{\"@type\":\"ImageObject\",\"inLanguage\":\"de\",\"@id\":\"https:\\\/\\\/wandern-mit-eselliebe.de\\\/wp-content\\\/uploads\\\/2021\\\/06\\\/cropped-Logo-1.png\",\"url\":\"https:\\\/\\\/wandern-mit-eselliebe.de\\\/wp-content\\\/uploads\\\/2021\\\/06\\\/cropped-Logo-1.png\",\"contentUrl\":\"https:\\\/\\\/wandern-mit-eselliebe.de\\\/wp-content\\\/uploads\\\/2021\\\/06\\\/cropped-Logo-1.png\",\"width\":1145,\"height\":1087,\"caption\":\"lisahoffmann\"},\"logo\":{\"@id\":\"https:\\\/\\\/wandern-mit-eselliebe.de\\\/wp-content\\\/uploads\\\/2021\\\/06\\\/cropped-Logo-1.png\"},\"sameAs\":[\"https:\\\/\\\/wandern-mit-eselliebe.de\"]}]}<\/script>\n<!-- \/ Yoast SEO plugin. -->","yoast_head_json":{"title":"Startseite - Wandern mit Eselliebe","robots":{"index":"noindex","follow":"follow","max-snippet":"max-snippet:-1","max-image-preview":"max-image-preview:large","max-video-preview":"max-video-preview:-1"},"og_locale":"de_DE","og_type":"article","og_title":"Startseite - Wandern mit Eselliebe","og_description":"Willkommen bei uns Hallo ihr Lieben. Ihr seid hier bei unserer kleinen Eselfamilie gelandet. Wir haben viele Jahre Erfahrungen mit unseren Eseln gesammelt und wollen ihre wohltuende Wirkung und ihr angenehmes Wesen mit euch teilen. Im Gegensatz zu dem leider weit verbreiteten Vorurteil, dass Esel dumm und stur seien steht, dass sie genau das Gegenteil [&hellip;]","og_url":"https:\/\/wandern-mit-eselliebe.de\/?page_id=160","og_site_name":"Wandern mit Eselliebe","article_modified_time":"2021-09-04T09:25:10+00:00","og_image":[{"url":"https:\/\/wandern-mit-eselliebe.de\/wp-content\/uploads\/2021\/05\/IMG_1531-768x1024.jpg","type":"","width":"","height":""}],"twitter_card":"summary_large_image","twitter_misc":{"Gesch\u00e4tzte Lesezeit":"2\u00a0Minuten"},"schema":{"@context":"https:\/\/schema.org","@graph":[{"@type":"WebPage","@id":"https:\/\/wandern-mit-eselliebe.de\/?page_id=160","url":"https:\/\/wandern-mit-eselliebe.de\/?page_id=160","name":"Startseite - Wandern mit Eselliebe","isPartOf":{"@id":"https:\/\/wandern-mit-eselliebe.de\/#website"},"primaryImageOfPage":{"@id":"https:\/\/wandern-mit-eselliebe.de\/?page_id=160#primaryimage"},"image":{"@id":"https:\/\/wandern-mit-eselliebe.de\/?page_id=160#primaryimage"},"thumbnailUrl":"https:\/\/wandern-mit-eselliebe.de\/wp-content\/uploads\/2021\/05\/IMG_1531-768x1024.jpg","datePublished":"2021-06-14T17:26:35+00:00","dateModified":"2021-09-04T09:25:10+00:00","breadcrumb":{"@id":"https:\/\/wandern-mit-eselliebe.de\/?page_id=160#breadcrumb"},"inLanguage":"de","potentialAction":[{"@type":"ReadAction","target":["https:\/\/wandern-mit-eselliebe.de\/?page_id=160"]}]},{"@type":"ImageObject","inLanguage":"de","@id":"https:\/\/wandern-mit-eselliebe.de\/?page_id=160#primaryimage","url":"https:\/\/wandern-mit-eselliebe.de\/wp-content\/uploads\/2021\/05\/IMG_1531-768x1024.jpg","contentUrl":"https:\/\/wandern-mit-eselliebe.de\/wp-content\/uploads\/2021\/05\/IMG_1531-768x1024.jpg"},{"@type":"BreadcrumbList","@id":"https:\/\/wandern-mit-eselliebe.de\/?page_id=160#breadcrumb","itemListElement":[{"@type":"ListItem","position":1,"name":"Home","item":"https:\/\/wandern-mit-eselliebe.de\/"},{"@type":"ListItem","position":2,"name":"Startseite"}]},{"@type":"WebSite","@id":"https:\/\/wandern-mit-eselliebe.de\/#website","url":"https:\/\/wandern-mit-eselliebe.de\/","name":"Wandern mit Eselliebe","description":"","publisher":{"@id":"https:\/\/wandern-mit-eselliebe.de\/#\/schema\/person\/c287be536dcae0fe162721e5825d1c68"},"potentialAction":[{"@type":"SearchAction","target":{"@type":"EntryPoint","urlTemplate":"https:\/\/wandern-mit-eselliebe.de\/?s={search_term_string}"},"query-input":{"@type":"PropertyValueSpecification","valueRequired":true,"valueName":"search_term_string"}}],"inLanguage":"de"},{"@type":["Person","Organization"],"@id":"https:\/\/wandern-mit-eselliebe.de\/#\/schema\/person\/c287be536dcae0fe162721e5825d1c68","name":"lisahoffmann","image":{"@type":"ImageObject","inLanguage":"de","@id":"https:\/\/wandern-mit-eselliebe.de\/wp-content\/uploads\/2021\/06\/cropped-Logo-1.png","url":"https:\/\/wandern-mit-eselliebe.de\/wp-content\/uploads\/2021\/06\/cropped-Logo-1.png","contentUrl":"https:\/\/wandern-mit-eselliebe.de\/wp-content\/uploads\/2021\/06\/cropped-Logo-1.png","width":1145,"height":1087,"caption":"lisahoffmann"},"logo":{"@id":"https:\/\/wandern-mit-eselliebe.de\/wp-content\/uploads\/2021\/06\/cropped-Logo-1.png"},"sameAs":["https:\/\/wandern-mit-eselliebe.de"]}]}},"jetpack_sharing_enabled":true,"_links":{"self":[{"href":"https:\/\/wandern-mit-eselliebe.de\/index.php?rest_route=\/wp\/v2\/pages\/160","targetHints":{"allow":["GET"]}}],"collection":[{"href":"https:\/\/wandern-mit-eselliebe.de\/index.php?rest_route=\/wp\/v2\/pages"}],"about":[{"href":"https:\/\/wandern-mit-eselliebe.de\/index.php?rest_route=\/wp\/v2\/types\/page"}],"author":[{"embeddable":true,"href":"https:\/\/wandern-mit-eselliebe.de\/index.php?rest_route=\/wp\/v2\/users\/1"}],"replies":[{"embeddable":true,"href":"https:\/\/wandern-mit-eselliebe.de\/index.php?rest_route=%2Fwp%2Fv2%2Fcomments&post=160"}],"version-history":[{"count":9,"href":"https:\/\/wandern-mit-eselliebe.de\/index.php?rest_route=\/wp\/v2\/pages\/160\/revisions"}],"predecessor-version":[{"id":298,"href":"https:\/\/wandern-mit-eselliebe.de\/index.php?rest_route=\/wp\/v2\/pages\/160\/revisions\/298"}],"wp:attachment":[{"href":"https:\/\/wandern-mit-eselliebe.de\/index.php?rest_route=%2Fwp%2Fv2%2Fmedia&parent=160"}],"curies":[{"name":"wp","href":"https:\/\/api.w.org\/{rel}","templated":true}]}}