{"id":161,"date":"2021-06-14T19:26:35","date_gmt":"2021-06-14T17:26:35","guid":{"rendered":"https:\/\/wandern-mit-eselliebe.de\/?page_id=161"},"modified":"2026-04-14T23:23:21","modified_gmt":"2026-04-14T21:23:21","slug":"die-herde","status":"publish","type":"page","link":"https:\/\/wandern-mit-eselliebe.de\/?page_id=161","title":{"rendered":"Die Herde"},"content":{"rendered":"\n<div aria-label=\"Collage Gallery\" class=\"wp-block-coblocks-gallery-collage alignwide has-small-gutter\"><ul><li class=\"wp-block-coblocks-gallery-collage__item item-1\"><figure class=\"wp-block-coblocks-gallery-collage__figure\"><img fetchpriority=\"high\" decoding=\"async\" width=\"1024\" height=\"768\" alt=\"Gallery Image\" class=\"wp-image-80\" data-id=\"80\" data-imglink=\"\" data-index=\"0\" data-link=\"https:\/\/wandern-mit-eselliebe.de\/?attachment_id=80\" src=\"https:\/\/wandern-mit-eselliebe.de\/wp-content\/uploads\/2021\/06\/88052F9B-6D89-4846-8F80-5958C397A2A1-1024x768.jpeg\" srcset=\"https:\/\/wandern-mit-eselliebe.de\/wp-content\/uploads\/2021\/06\/88052F9B-6D89-4846-8F80-5958C397A2A1-1024x768.jpeg 1024w, https:\/\/wandern-mit-eselliebe.de\/wp-content\/uploads\/2021\/06\/88052F9B-6D89-4846-8F80-5958C397A2A1-300x225.jpeg 300w, https:\/\/wandern-mit-eselliebe.de\/wp-content\/uploads\/2021\/06\/88052F9B-6D89-4846-8F80-5958C397A2A1-768x576.jpeg 768w, https:\/\/wandern-mit-eselliebe.de\/wp-content\/uploads\/2021\/06\/88052F9B-6D89-4846-8F80-5958C397A2A1-1536x1152.jpeg 1536w, https:\/\/wandern-mit-eselliebe.de\/wp-content\/uploads\/2021\/06\/88052F9B-6D89-4846-8F80-5958C397A2A1-2048x1536.jpeg 2048w\" sizes=\"(max-width: 1024px) 100vw, 1024px\" \/><\/figure><\/li><li class=\"wp-block-coblocks-gallery-collage__item item-2\"><figure class=\"wp-block-coblocks-gallery-collage__figure\"><img decoding=\"async\" width=\"768\" height=\"1024\" alt=\"Gallery Image\" class=\"wp-image-98\" data-id=\"98\" data-imglink=\"\" data-index=\"1\" data-link=\"https:\/\/wandern-mit-eselliebe.de\/df53c5cd-a2dc-4f4e-98af-02560d64c2bf\/\" src=\"https:\/\/wandern-mit-eselliebe.de\/wp-content\/uploads\/2021\/06\/DF53C5CD-A2DC-4F4E-98AF-02560D64C2BF-768x1024.jpeg\" srcset=\"https:\/\/wandern-mit-eselliebe.de\/wp-content\/uploads\/2021\/06\/DF53C5CD-A2DC-4F4E-98AF-02560D64C2BF-768x1024.jpeg 768w, https:\/\/wandern-mit-eselliebe.de\/wp-content\/uploads\/2021\/06\/DF53C5CD-A2DC-4F4E-98AF-02560D64C2BF-225x300.jpeg 225w, https:\/\/wandern-mit-eselliebe.de\/wp-content\/uploads\/2021\/06\/DF53C5CD-A2DC-4F4E-98AF-02560D64C2BF-1152x1536.jpeg 1152w, https:\/\/wandern-mit-eselliebe.de\/wp-content\/uploads\/2021\/06\/DF53C5CD-A2DC-4F4E-98AF-02560D64C2BF-1536x2048.jpeg 1536w, https:\/\/wandern-mit-eselliebe.de\/wp-content\/uploads\/2021\/06\/DF53C5CD-A2DC-4F4E-98AF-02560D64C2BF-scaled.jpeg 1920w\" sizes=\"(max-width: 768px) 100vw, 768px\" \/><\/figure><\/li><li class=\"wp-block-coblocks-gallery-collage__item item-3\"><figure class=\"wp-block-coblocks-gallery-collage__figure\"><img decoding=\"async\" width=\"768\" height=\"1024\" alt=\"Gallery Image\" class=\"wp-image-261\" data-id=\"261\" data-imglink=\"\" data-index=\"2\" data-link=\"https:\/\/wandern-mit-eselliebe.de\/die-herde\/img_20190424_110328-2\/\" src=\"https:\/\/wandern-mit-eselliebe.de\/wp-content\/uploads\/IMG_20190424_110328-1-768x1024.jpg\" srcset=\"https:\/\/wandern-mit-eselliebe.de\/wp-content\/uploads\/IMG_20190424_110328-1-768x1024.jpg 768w, https:\/\/wandern-mit-eselliebe.de\/wp-content\/uploads\/IMG_20190424_110328-1-225x300.jpg 225w, https:\/\/wandern-mit-eselliebe.de\/wp-content\/uploads\/IMG_20190424_110328-1-1152x1536.jpg 1152w, https:\/\/wandern-mit-eselliebe.de\/wp-content\/uploads\/IMG_20190424_110328-1-1536x2048.jpg 1536w, https:\/\/wandern-mit-eselliebe.de\/wp-content\/uploads\/IMG_20190424_110328-1-scaled.jpg 1920w\" sizes=\"(max-width: 768px) 100vw, 768px\" \/><\/figure><\/li><li class=\"wp-block-coblocks-gallery-collage__item item-4\"><figure class=\"wp-block-coblocks-gallery-collage__figure\"><img loading=\"lazy\" decoding=\"async\" width=\"768\" height=\"1024\" alt=\"Gallery Image\" class=\"wp-image-262\" data-id=\"262\" data-imglink=\"\" data-index=\"3\" data-link=\"https:\/\/wandern-mit-eselliebe.de\/die-herde\/img_20200426_190355\/\" src=\"https:\/\/wandern-mit-eselliebe.de\/wp-content\/uploads\/IMG_20200426_190355-768x1024.jpg\" srcset=\"https:\/\/wandern-mit-eselliebe.de\/wp-content\/uploads\/IMG_20200426_190355-768x1024.jpg 768w, https:\/\/wandern-mit-eselliebe.de\/wp-content\/uploads\/IMG_20200426_190355-225x300.jpg 225w, https:\/\/wandern-mit-eselliebe.de\/wp-content\/uploads\/IMG_20200426_190355-1152x1536.jpg 1152w, https:\/\/wandern-mit-eselliebe.de\/wp-content\/uploads\/IMG_20200426_190355-1536x2048.jpg 1536w, https:\/\/wandern-mit-eselliebe.de\/wp-content\/uploads\/IMG_20200426_190355-scaled.jpg 1920w\" sizes=\"(max-width: 768px) 100vw, 768px\" \/><\/figure><\/li><li class=\"wp-block-coblocks-gallery-collage__item item-5\"><figure class=\"wp-block-coblocks-gallery-collage__figure\"><img loading=\"lazy\" decoding=\"async\" width=\"768\" height=\"1024\" alt=\"Gallery Image\" class=\"wp-image-89\" data-id=\"89\" data-imglink=\"\" data-index=\"4\" data-link=\"https:\/\/wandern-mit-eselliebe.de\/?attachment_id=89\" src=\"https:\/\/wandern-mit-eselliebe.de\/wp-content\/uploads\/2021\/06\/C4AE13D2-561B-4BF1-8914-2F88410C3114-1-768x1024.jpeg\" srcset=\"https:\/\/wandern-mit-eselliebe.de\/wp-content\/uploads\/2021\/06\/C4AE13D2-561B-4BF1-8914-2F88410C3114-1-768x1024.jpeg 768w, https:\/\/wandern-mit-eselliebe.de\/wp-content\/uploads\/2021\/06\/C4AE13D2-561B-4BF1-8914-2F88410C3114-1-225x300.jpeg 225w, https:\/\/wandern-mit-eselliebe.de\/wp-content\/uploads\/2021\/06\/C4AE13D2-561B-4BF1-8914-2F88410C3114-1-1152x1536.jpeg 1152w, https:\/\/wandern-mit-eselliebe.de\/wp-content\/uploads\/2021\/06\/C4AE13D2-561B-4BF1-8914-2F88410C3114-1-1536x2048.jpeg 1536w, https:\/\/wandern-mit-eselliebe.de\/wp-content\/uploads\/2021\/06\/C4AE13D2-561B-4BF1-8914-2F88410C3114-1-scaled.jpeg 1920w\" sizes=\"(max-width: 768px) 100vw, 768px\" \/><\/figure><\/li><\/ul><\/div>\n\n\n\n<div class=\"wp-block-coblocks-services\"><div class=\"has-columns has-2-columns has-responsive-columns has-medium-gutter\">\n<div class=\"wp-block-coblocks-service\"><figure class=\"wp-block-coblocks-service__figure\"><img decoding=\"async\" src=\"https:\/\/wandern-mit-eselliebe.de\/wp-content\/uploads\/Paulihausen311-scaled.jpg\" alt=\"\" style=\"object-position:56.99999999999999% 65%\"\/><\/figure><div class=\"wp-block-coblocks-service__content\">\n<h3 class=\"wp-block-heading has-text-align-none\">Lisa Hoffmann<\/h3>\n\n\n\n<p class=\"has-text-align-none\">Hallo, ich bin Lisa.<\/p>\n\n\n\n<p class=\"has-text-align-none\">Ich bin gelernte Tiermedizinische Fachangestellte und Physiotherapeutin f\u00fcr Hunde. Momentan arbeite ich auf der Bauspielfarm Recklinghausen als Tierpflegerin mit meinen Eseln zusammen.<\/p>\n\n\n\n<p class=\"has-text-align-none\">Meine Esel sind meine Leidenschaft und mit dieser habe ich mich nun selbstst\u00e4ndig gemacht.<\/p>\n\n\n\n<p class=\"has-text-align-none\"><\/p>\n<\/div><\/div>\n\n\n\n<div class=\"wp-block-coblocks-service\"><figure class=\"wp-block-coblocks-service__figure\"><img decoding=\"async\" src=\"https:\/\/wandern-mit-eselliebe.de\/wp-content\/uploads\/2021\/05\/IMG_0016-scaled.jpg\" alt=\"\"\/><\/figure><div class=\"wp-block-coblocks-service__content\">\n<h3 class=\"wp-block-heading has-text-align-none\">Baldtschaja<\/h3>\n\n\n\n<p class=\"has-text-align-none\">geb 2008<\/p>\n\n\n\n<p class=\"has-text-align-none\">Hallo, mein Name ist Baldtschaja.<\/p>\n\n\n\n<p class=\"has-text-align-none\">Ich bin Lisas erster Esel gewesen und freue mich sehr, meine Wanderlust mit euch zu teilen. Als \u00c4lteste in der Herde sorge ich f\u00fcr Ruhe und Geduld. Auch Schmusen und Kuscheln mag ich sehr gerne. <\/p>\n<\/div><\/div>\n\n\n\n<div class=\"wp-block-coblocks-service\"><figure class=\"wp-block-coblocks-service__figure\"><img decoding=\"async\" src=\"https:\/\/wandern-mit-eselliebe.de\/wp-content\/uploads\/2021\/06\/2C6EC72C-840C-4F7E-B630-252C27F0DB53-scaled.jpeg\" alt=\"\" style=\"object-position:56.00000000000001% 38%\"\/><\/figure><div class=\"wp-block-coblocks-service__content\">\n<h3 class=\"wp-block-heading has-text-align-none\">Petschenka<\/h3>\n\n\n\n<p class=\"has-text-align-none\">geb. 2014<\/p>\n\n\n\n<p class=\"has-text-align-none\">Hallo, ich bin Petschenka.<\/p>\n\n\n\n<p class=\"has-text-align-none\">Ich bin die Tochter von Baldtschaja und seit ich das Licht der Welt erblickt habe bei Lisa. Deswegen genie\u00dfe und liebe ich seit Anfang an ausgiebige Kuscheleinheiten. Schon immer liebe ich es zu laufen und auf der Weide zu rennen. Lange Strecken meistere ich mit links und freue mich, euch auch daf\u00fcr zu begeistern.<\/p>\n\n\n\n<p class=\"has-text-align-none\"><\/p>\n<\/div><\/div>\n\n\n\n<div class=\"wp-block-coblocks-service\"><figure class=\"wp-block-coblocks-service__figure\"><img decoding=\"async\" src=\"https:\/\/wandern-mit-eselliebe.de\/wp-content\/uploads\/2021\/06\/6EE81821-5B64-4283-A451-8FCC5C5A99F4-scaled.jpeg\" alt=\"\"\/><\/figure><div class=\"wp-block-coblocks-service__content\">\n<h3 class=\"wp-block-heading has-text-align-none\">Baghira<\/h3>\n\n\n\n<p class=\"has-text-align-none\">geb. 2013<\/p>\n\n\n\n<p class=\"has-text-align-none\">Hallo, ich bin Baghira.<\/p>\n\n\n\n<p class=\"has-text-align-none\">Ich bin 2020 zu der Herde gesto\u00dfen und froh hier zu sein. Von Anfang an habe ich mich mit Baldtschaja und Petschenka angefreundet. Meine Lieblingsbesch\u00e4ftigungen sind schmusen und kuscheln. Ich bin sehr sanft und sensibel im Umgang und habe ein ruhiges Gem\u00fct.<\/p>\n<\/div><\/div>\n\n\n\n<div class=\"wp-block-coblocks-service\"><figure class=\"wp-block-coblocks-service__figure\"><img decoding=\"async\" src=\"https:\/\/wandern-mit-eselliebe.de\/wp-content\/uploads\/2021\/05\/IMG-20190417-WA0007-2-scaled.jpeg\" alt=\"\"\/><\/figure><div class=\"wp-block-coblocks-service__content\">\n<h3 class=\"wp-block-heading has-text-align-none\">Luna<\/h3>\n\n\n\n<p class=\"has-text-align-none\">geb.2017<\/p>\n\n\n\n<p class=\"has-text-align-none\">Labrador<\/p>\n\n\n\n<p class=\"has-text-align-none\">Hallo, ich bin Luna. Ich bin \u00f6fter bei Lisas Wanderungen dabei und arbeite mit Lisa auf der Bauspielfarm Recklinghausen. Menschen und Tiere liebe ich sehr und bin \u00e4u\u00dferst aufgeschlossen. Vor allem Leuten gegen\u00fcber, die ihr M\u00f6hrchen mit mir  teilen \ud83d\ude09 <\/p>\n<\/div><\/div>\n\n\n\n<div class=\"wp-block-coblocks-service\"><figure class=\"wp-block-coblocks-service__figure\"><img decoding=\"async\" src=\"https:\/\/wandern-mit-eselliebe.de\/wp-content\/uploads\/6862918E-4BC9-4B0E-866F-6B36B9B65EE2-scaled.jpeg\" alt=\"\"\/><\/figure><div class=\"wp-block-coblocks-service__content\">\n<h3 class=\"wp-block-heading has-text-align-none\">Erwin<\/h3>\n\n\n\n<p class=\"has-text-align-none\">geb. ca 2008<\/p>\n\n\n\n<p>Hallo, mein Name ist Erwin. Ich bin 2023 zu der Herde gesto\u00dfen und bin \u00fcbergl\u00fccklich hier zu sein, da ich vorher keine esellige Gesellschaft hatte. Ich lebe den Spruch &#8222;in der Ruhe liegt die Kraft&#8220;. Meine Lieblingsbesch\u00e4ftigung ist gekrault werden und tiefenentspannte Wanderungen durch unsere Landschaft.<\/p>\n<\/div><\/div>\n\n\n\n<div class=\"wp-block-coblocks-service\"><div class=\"wp-block-coblocks-service__content\">\n<h3 class=\"wp-block-heading has-text-align-none\"><\/h3>\n\n\n\n<p class=\"has-text-align-none\"><\/p>\n<\/div><\/div>\n<\/div><\/div>\n\n\n\n<p><\/p>\n","protected":false},"excerpt":{"rendered":"","protected":false},"author":1,"featured_media":0,"parent":0,"menu_order":0,"comment_status":"closed","ping_status":"closed","template":"","meta":{"_coblocks_attr":"","_coblocks_dimensions":"","_coblocks_responsive_height":"","_coblocks_accordion_ie_support":"","hide_page_title":"","footnotes":""},"class_list":["post-161","page","type-page","status-publish","hentry"],"yoast_head":"<!-- This site is optimized with the Yoast SEO plugin v27.4 - https:\/\/yoast.com\/product\/yoast-seo-wordpress\/ -->\n<title>Die Herde - Wandern mit Eselliebe<\/title>\n<meta name=\"robots\" content=\"noindex, follow, max-snippet:-1, max-image-preview:large, max-video-preview:-1\" \/>\n<meta property=\"og:locale\" content=\"de_DE\" \/>\n<meta property=\"og:type\" content=\"article\" \/>\n<meta property=\"og:title\" content=\"Die Herde - Wandern mit Eselliebe\" \/>\n<meta property=\"og:url\" content=\"https:\/\/wandern-mit-eselliebe.de\/?page_id=161\" \/>\n<meta property=\"og:site_name\" content=\"Wandern mit Eselliebe\" \/>\n<meta property=\"article:modified_time\" content=\"2026-04-14T21:23:21+00:00\" \/>\n<meta property=\"og:image\" content=\"https:\/\/wandern-mit-eselliebe.de\/wp-content\/uploads\/2021\/06\/88052F9B-6D89-4846-8F80-5958C397A2A1-scaled.jpeg\" \/>\n\t<meta property=\"og:image:width\" content=\"2560\" \/>\n\t<meta property=\"og:image:height\" content=\"1920\" \/>\n\t<meta property=\"og:image:type\" content=\"image\/jpeg\" \/>\n<meta name=\"twitter:card\" content=\"summary_large_image\" \/>\n<meta name=\"twitter:label1\" content=\"Gesch\u00e4tzte Lesezeit\" \/>\n\t<meta name=\"twitter:data1\" content=\"4\u00a0Minuten\" \/>\n<script type=\"application\/ld+json\" class=\"yoast-schema-graph\">{\"@context\":\"https:\\\/\\\/schema.org\",\"@graph\":[{\"@type\":\"WebPage\",\"@id\":\"https:\\\/\\\/wandern-mit-eselliebe.de\\\/?page_id=161\",\"url\":\"https:\\\/\\\/wandern-mit-eselliebe.de\\\/?page_id=161\",\"name\":\"Die Herde - Wandern mit Eselliebe\",\"isPartOf\":{\"@id\":\"https:\\\/\\\/wandern-mit-eselliebe.de\\\/#website\"},\"primaryImageOfPage\":{\"@id\":\"https:\\\/\\\/wandern-mit-eselliebe.de\\\/?page_id=161#primaryimage\"},\"image\":{\"@id\":\"https:\\\/\\\/wandern-mit-eselliebe.de\\\/?page_id=161#primaryimage\"},\"thumbnailUrl\":\"https:\\\/\\\/wandern-mit-eselliebe.de\\\/wp-content\\\/uploads\\\/2021\\\/06\\\/88052F9B-6D89-4846-8F80-5958C397A2A1-1024x768.jpeg\",\"datePublished\":\"2021-06-14T17:26:35+00:00\",\"dateModified\":\"2026-04-14T21:23:21+00:00\",\"breadcrumb\":{\"@id\":\"https:\\\/\\\/wandern-mit-eselliebe.de\\\/?page_id=161#breadcrumb\"},\"inLanguage\":\"de\",\"potentialAction\":[{\"@type\":\"ReadAction\",\"target\":[\"https:\\\/\\\/wandern-mit-eselliebe.de\\\/?page_id=161\"]}]},{\"@type\":\"ImageObject\",\"inLanguage\":\"de\",\"@id\":\"https:\\\/\\\/wandern-mit-eselliebe.de\\\/?page_id=161#primaryimage\",\"url\":\"https:\\\/\\\/wandern-mit-eselliebe.de\\\/wp-content\\\/uploads\\\/2021\\\/06\\\/88052F9B-6D89-4846-8F80-5958C397A2A1-1024x768.jpeg\",\"contentUrl\":\"https:\\\/\\\/wandern-mit-eselliebe.de\\\/wp-content\\\/uploads\\\/2021\\\/06\\\/88052F9B-6D89-4846-8F80-5958C397A2A1-1024x768.jpeg\"},{\"@type\":\"BreadcrumbList\",\"@id\":\"https:\\\/\\\/wandern-mit-eselliebe.de\\\/?page_id=161#breadcrumb\",\"itemListElement\":[{\"@type\":\"ListItem\",\"position\":1,\"name\":\"Home\",\"item\":\"https:\\\/\\\/wandern-mit-eselliebe.de\\\/\"},{\"@type\":\"ListItem\",\"position\":2,\"name\":\"Die Herde\"}]},{\"@type\":\"WebSite\",\"@id\":\"https:\\\/\\\/wandern-mit-eselliebe.de\\\/#website\",\"url\":\"https:\\\/\\\/wandern-mit-eselliebe.de\\\/\",\"name\":\"Wandern mit Eselliebe\",\"description\":\"\",\"publisher\":{\"@id\":\"https:\\\/\\\/wandern-mit-eselliebe.de\\\/#\\\/schema\\\/person\\\/c287be536dcae0fe162721e5825d1c68\"},\"potentialAction\":[{\"@type\":\"SearchAction\",\"target\":{\"@type\":\"EntryPoint\",\"urlTemplate\":\"https:\\\/\\\/wandern-mit-eselliebe.de\\\/?s={search_term_string}\"},\"query-input\":{\"@type\":\"PropertyValueSpecification\",\"valueRequired\":true,\"valueName\":\"search_term_string\"}}],\"inLanguage\":\"de\"},{\"@type\":[\"Person\",\"Organization\"],\"@id\":\"https:\\\/\\\/wandern-mit-eselliebe.de\\\/#\\\/schema\\\/person\\\/c287be536dcae0fe162721e5825d1c68\",\"name\":\"lisahoffmann\",\"image\":{\"@type\":\"ImageObject\",\"inLanguage\":\"de\",\"@id\":\"https:\\\/\\\/wandern-mit-eselliebe.de\\\/wp-content\\\/uploads\\\/2021\\\/06\\\/cropped-Logo-1.png\",\"url\":\"https:\\\/\\\/wandern-mit-eselliebe.de\\\/wp-content\\\/uploads\\\/2021\\\/06\\\/cropped-Logo-1.png\",\"contentUrl\":\"https:\\\/\\\/wandern-mit-eselliebe.de\\\/wp-content\\\/uploads\\\/2021\\\/06\\\/cropped-Logo-1.png\",\"width\":1145,\"height\":1087,\"caption\":\"lisahoffmann\"},\"logo\":{\"@id\":\"https:\\\/\\\/wandern-mit-eselliebe.de\\\/wp-content\\\/uploads\\\/2021\\\/06\\\/cropped-Logo-1.png\"},\"sameAs\":[\"https:\\\/\\\/wandern-mit-eselliebe.de\"]}]}<\/script>\n<!-- \/ Yoast SEO plugin. -->","yoast_head_json":{"title":"Die Herde - Wandern mit Eselliebe","robots":{"index":"noindex","follow":"follow","max-snippet":"max-snippet:-1","max-image-preview":"max-image-preview:large","max-video-preview":"max-video-preview:-1"},"og_locale":"de_DE","og_type":"article","og_title":"Die Herde - Wandern mit Eselliebe","og_url":"https:\/\/wandern-mit-eselliebe.de\/?page_id=161","og_site_name":"Wandern mit Eselliebe","article_modified_time":"2026-04-14T21:23:21+00:00","og_image":[{"width":2560,"height":1920,"url":"https:\/\/wandern-mit-eselliebe.de\/wp-content\/uploads\/2021\/06\/88052F9B-6D89-4846-8F80-5958C397A2A1-scaled.jpeg","type":"image\/jpeg"}],"twitter_card":"summary_large_image","twitter_misc":{"Gesch\u00e4tzte Lesezeit":"4\u00a0Minuten"},"schema":{"@context":"https:\/\/schema.org","@graph":[{"@type":"WebPage","@id":"https:\/\/wandern-mit-eselliebe.de\/?page_id=161","url":"https:\/\/wandern-mit-eselliebe.de\/?page_id=161","name":"Die Herde - Wandern mit Eselliebe","isPartOf":{"@id":"https:\/\/wandern-mit-eselliebe.de\/#website"},"primaryImageOfPage":{"@id":"https:\/\/wandern-mit-eselliebe.de\/?page_id=161#primaryimage"},"image":{"@id":"https:\/\/wandern-mit-eselliebe.de\/?page_id=161#primaryimage"},"thumbnailUrl":"https:\/\/wandern-mit-eselliebe.de\/wp-content\/uploads\/2021\/06\/88052F9B-6D89-4846-8F80-5958C397A2A1-1024x768.jpeg","datePublished":"2021-06-14T17:26:35+00:00","dateModified":"2026-04-14T21:23:21+00:00","breadcrumb":{"@id":"https:\/\/wandern-mit-eselliebe.de\/?page_id=161#breadcrumb"},"inLanguage":"de","potentialAction":[{"@type":"ReadAction","target":["https:\/\/wandern-mit-eselliebe.de\/?page_id=161"]}]},{"@type":"ImageObject","inLanguage":"de","@id":"https:\/\/wandern-mit-eselliebe.de\/?page_id=161#primaryimage","url":"https:\/\/wandern-mit-eselliebe.de\/wp-content\/uploads\/2021\/06\/88052F9B-6D89-4846-8F80-5958C397A2A1-1024x768.jpeg","contentUrl":"https:\/\/wandern-mit-eselliebe.de\/wp-content\/uploads\/2021\/06\/88052F9B-6D89-4846-8F80-5958C397A2A1-1024x768.jpeg"},{"@type":"BreadcrumbList","@id":"https:\/\/wandern-mit-eselliebe.de\/?page_id=161#breadcrumb","itemListElement":[{"@type":"ListItem","position":1,"name":"Home","item":"https:\/\/wandern-mit-eselliebe.de\/"},{"@type":"ListItem","position":2,"name":"Die Herde"}]},{"@type":"WebSite","@id":"https:\/\/wandern-mit-eselliebe.de\/#website","url":"https:\/\/wandern-mit-eselliebe.de\/","name":"Wandern mit Eselliebe","description":"","publisher":{"@id":"https:\/\/wandern-mit-eselliebe.de\/#\/schema\/person\/c287be536dcae0fe162721e5825d1c68"},"potentialAction":[{"@type":"SearchAction","target":{"@type":"EntryPoint","urlTemplate":"https:\/\/wandern-mit-eselliebe.de\/?s={search_term_string}"},"query-input":{"@type":"PropertyValueSpecification","valueRequired":true,"valueName":"search_term_string"}}],"inLanguage":"de"},{"@type":["Person","Organization"],"@id":"https:\/\/wandern-mit-eselliebe.de\/#\/schema\/person\/c287be536dcae0fe162721e5825d1c68","name":"lisahoffmann","image":{"@type":"ImageObject","inLanguage":"de","@id":"https:\/\/wandern-mit-eselliebe.de\/wp-content\/uploads\/2021\/06\/cropped-Logo-1.png","url":"https:\/\/wandern-mit-eselliebe.de\/wp-content\/uploads\/2021\/06\/cropped-Logo-1.png","contentUrl":"https:\/\/wandern-mit-eselliebe.de\/wp-content\/uploads\/2021\/06\/cropped-Logo-1.png","width":1145,"height":1087,"caption":"lisahoffmann"},"logo":{"@id":"https:\/\/wandern-mit-eselliebe.de\/wp-content\/uploads\/2021\/06\/cropped-Logo-1.png"},"sameAs":["https:\/\/wandern-mit-eselliebe.de"]}]}},"jetpack_sharing_enabled":true,"_links":{"self":[{"href":"https:\/\/wandern-mit-eselliebe.de\/index.php?rest_route=\/wp\/v2\/pages\/161","targetHints":{"allow":["GET"]}}],"collection":[{"href":"https:\/\/wandern-mit-eselliebe.de\/index.php?rest_route=\/wp\/v2\/pages"}],"about":[{"href":"https:\/\/wandern-mit-eselliebe.de\/index.php?rest_route=\/wp\/v2\/types\/page"}],"author":[{"embeddable":true,"href":"https:\/\/wandern-mit-eselliebe.de\/index.php?rest_route=\/wp\/v2\/users\/1"}],"replies":[{"embeddable":true,"href":"https:\/\/wandern-mit-eselliebe.de\/index.php?rest_route=%2Fwp%2Fv2%2Fcomments&post=161"}],"version-history":[{"count":13,"href":"https:\/\/wandern-mit-eselliebe.de\/index.php?rest_route=\/wp\/v2\/pages\/161\/revisions"}],"predecessor-version":[{"id":399,"href":"https:\/\/wandern-mit-eselliebe.de\/index.php?rest_route=\/wp\/v2\/pages\/161\/revisions\/399"}],"wp:attachment":[{"href":"https:\/\/wandern-mit-eselliebe.de\/index.php?rest_route=%2Fwp%2Fv2%2Fmedia&parent=161"}],"curies":[{"name":"wp","href":"https:\/\/api.w.org\/{rel}","templated":true}]}}